{"id":1509,"date":"2021-04-20T02:03:47","date_gmt":"2021-04-20T02:03:47","guid":{"rendered":"https:\/\/smartbox.minibarsystems.com\/smartbox-laptop-28-coffre-fort\/"},"modified":"2021-04-20T02:04:23","modified_gmt":"2021-04-20T02:04:23","slug":"smartbox-laptop-28-coffre-fort","status":"publish","type":"page","link":"https:\/\/smartbox.minibarsystems.com\/fr\/smartbox-laptop-28-coffre-fort\/","title":{"rendered":"SmartBox Laptop 28 Coffre-fort"},"content":{"rendered":"<p>[et_pb_section fb_built=&#8221;1&#8243; _builder_version=&#8221;4.6.1&#8243; _module_preset=&#8221;default&#8221; background_color=&#8221;rgba(0,52,102,0.8)&#8221; custom_padding=&#8221;50px||50px|||&#8221;][et_pb_row _builder_version=&#8221;4.6.1&#8243; _module_preset=&#8221;default&#8221;][et_pb_column type=&#8221;4_4&#8243; _builder_version=&#8221;4.6.1&#8243; _module_preset=&#8221;default&#8221;][et_pb_text _builder_version=&#8221;4.6.1&#8243; _module_preset=&#8221;default&#8221; header_font=&#8221;|700|||||||&#8221; header_text_align=&#8221;center&#8221; header_text_color=&#8221;#ffffff&#8221; header_font_size=&#8221;42px&#8221; custom_padding=&#8221;0px|||||&#8221;]<\/p>\n<h1>SmartBox Laptop 28 Coffre-fort<\/h1>\n<p>[\/et_pb_text][\/et_pb_column][\/et_pb_row][\/et_pb_section][et_pb_section fb_built=&#8221;1&#8243; _builder_version=&#8221;4.6.1&#8243; background_color=&#8221;#ffffff&#8221; use_background_color_gradient=&#8221;on&#8221; background_color_gradient_start=&#8221;rgba(255,255,255,0.9)&#8221; background_color_gradient_end=&#8221;rgba(255,255,255,0.9)&#8221; background_color_gradient_overlays_image=&#8221;on&#8221; background_image=&#8221;https:\/\/smartbox.minibarsystems.com\/wp-content\/uploads\/2020\/09\/circuits-bw.jpg&#8221; custom_padding=&#8221;0px||30px||false|false&#8221; custom_css_main_element=&#8221;background-repeat: no-repeat;||background-attachment: fixed;||background-position: center right;||background-size: initial;&#8221;][et_pb_row column_structure=&#8221;1_2,1_2&#8243; make_equal=&#8221;on&#8221; _builder_version=&#8221;4.6.1&#8243; _module_preset=&#8221;default&#8221; custom_padding=&#8221;0px||0px|||&#8221;][et_pb_column type=&#8221;1_2&#8243; _builder_version=&#8221;4.6.1&#8243; _module_preset=&#8221;default&#8221;][et_pb_image src=&#8221;https:\/\/smartbox.minibarsystems.com\/wp-content\/uploads\/2020\/09\/SB_28_Laptop.png&#8221; title_text=&#8221;SB_28_Laptop&#8221; _builder_version=&#8221;4.6.1&#8243; _module_preset=&#8221;default&#8221; custom_padding=&#8221;||0px|||&#8221;][\/et_pb_image][\/et_pb_column][et_pb_column type=&#8221;1_2&#8243; module_class=&#8221;cwd-vert-align&#8221; _builder_version=&#8221;4.6.1&#8243; _module_preset=&#8221;default&#8221;][et_pb_text _builder_version=&#8221;4.6.3&#8243; _module_preset=&#8221;default&#8221; custom_padding=&#8221;30px||||false|false&#8221; locked=&#8221;off&#8221;]SmartBox Laptop 28 de grande capacit\u00e9 int\u00e9rieure et peut accueillir un ordinateur portable de 17 pouces et pr\u00e9sente un style classique et \u00e9l\u00e9gant, une \u00e9lectronique num\u00e9rique avanc\u00e9e, une construction en acier solide, des labyrinthes anti-effraction et un logiciel d&#8217;audit convivial. Son fonctionnement simple en fait le coffre-fort \u00e0 code num\u00e9rique le plus convivial du march\u00e9.[\/et_pb_text][et_pb_text _builder_version=&#8221;4.6.3&#8243; _module_preset=&#8221;default&#8221; custom_padding=&#8221;0px||||false|false&#8221; locked=&#8221;off&#8221;]<\/p>\n<ul>\n<li>Peut accueillir un ordinateur portable de 17 po<\/li>\n<li>M\u00e9canisme de verrouillage \u00e0 p\u00eane en acier massif<\/li>\n<li>Grand \u00e9cran LED<\/li>\n<li>Clavier \u00e9clair\u00e9<\/li>\n<li>\u00c9lectronique num\u00e9rique avanc\u00e9e<\/li>\n<li>Construction en acier solide<\/li>\n<li>Syst\u00e8me de verrouillage motoris\u00e9<\/li>\n<li>Labyrinthes anti-effraction<\/li>\n<li>Logiciel d&#8217;audit facile \u00e0 utiliser<\/li>\n<\/ul>\n<p>[\/et_pb_text][\/et_pb_column][\/et_pb_row][\/et_pb_section][et_pb_section fb_built=&#8221;1&#8243; _builder_version=&#8221;4.6.1&#8243; _module_preset=&#8221;default&#8221; background_color=&#8221;rgba(0,52,102,0.8)&#8221; custom_padding=&#8221;50px||50px|||&#8221;][et_pb_row _builder_version=&#8221;4.6.1&#8243; _module_preset=&#8221;default&#8221;][et_pb_column type=&#8221;4_4&#8243; _builder_version=&#8221;4.6.1&#8243; _module_preset=&#8221;default&#8221;][et_pb_text _builder_version=&#8221;4.6.1&#8243; _module_preset=&#8221;default&#8221; header_font=&#8221;|700|||||||&#8221; header_text_align=&#8221;center&#8221; header_text_color=&#8221;#ffffff&#8221; header_font_size=&#8221;42px&#8221;]<\/p>\n<h1>Caract\u00e9ristiques et sp\u00e9cifications de l&#8217;ordinateur portable 28<\/h1>\n<p>[\/et_pb_text][\/et_pb_column][\/et_pb_row][\/et_pb_section][et_pb_section fb_built=&#8221;1&#8243; _builder_version=&#8221;4.6.1&#8243; _module_preset=&#8221;default&#8221;][et_pb_row column_structure=&#8221;1_2,1_2&#8243; _builder_version=&#8221;4.6.1&#8243; _module_preset=&#8221;default&#8221;][et_pb_column type=&#8221;1_2&#8243; _builder_version=&#8221;4.6.1&#8243; _module_preset=&#8221;default&#8221;][et_pb_text _builder_version=&#8221;4.6.3&#8243; _module_preset=&#8221;default&#8221;]<\/p>\n<h3>Caract\u00e9ristiques standards<\/h3>\n<ul>\n<li>Peut accueillir un ordinateur portable de 17 po<\/li>\n<li>M\u00e9canisme de verrouillage \u00e0 p\u00eane en acier massif<\/li>\n<li>Grand \u00e9cran LED et clavier<\/li>\n<li>\u00c9clairage LED interne<\/li>\n<li>Clavier audible conforme ADA<\/li>\n<li>Code invit\u00e9 \u00e0 4 chiffres<\/li>\n<li>Batterie de secours<\/li>\n<li>V\u00e9rification automatique de la batterie et avertissement de batterie faible<\/li>\n<\/ul>\n<h3>Fonctions de s\u00e9curit\u00e9<\/h3>\n<ul>\n<li>Ouverture d&#8217;urgence avec Override Unit<\/li>\n<li>Override Unit t\u00e9l\u00e9charge les 300 derni\u00e8res op\u00e9rations<\/li>\n<li>La construction anti-effraction am\u00e9liore la s\u00e9curit\u00e9 et offre une protection contre la manipulation<\/li>\n<\/ul>\n<h3>Accessoires \/ caract\u00e9ristiques en option<\/h3>\n<ul>\n<li>Pi\u00e9destal<\/li>\n<\/ul>\n<p>[\/et_pb_text][\/et_pb_column][et_pb_column type=&#8221;1_2&#8243; _builder_version=&#8221;4.6.1&#8243; _module_preset=&#8221;default&#8221;][et_pb_text _builder_version=&#8221;4.6.1&#8243; _module_preset=&#8221;default&#8221;]<\/p>\n<h3>Caract\u00e9ristiques<\/h3>\n<p>La couleur noire<br \/>Mat\u00e9riel: acier<br \/>Capacit\u00e9: 0,8 pi3 \/ 22,6 litres<br \/>Charni\u00e8re de porte: droite seulement<br \/>Puissance: 5 piles AA<br \/>Poids: 37,5 lb \/ 17 kg<br \/>Calibre d&#8217;acier: porte de calibre 12 \/ corps de calibre 9<br \/>Doublure int\u00e9rieure de moquette: Oui<\/p>\n<h3>Dimensions<\/h3>\n<p>(Hauteur x Largeur x Profondeur)<br \/>7,87 x 17,37 x 15,75 (pouces)<br \/>200 x 442 x 400 (millim\u00e8tre)<\/p>\n<h3>Certifications<\/h3>\n<p>ISO9001-2000 \/ CE \/ RoHS<\/p>\n<p>[\/et_pb_text][\/et_pb_column][\/et_pb_row][\/et_pb_section][et_pb_section fb_built=&#8221;1&#8243; _builder_version=&#8221;4.6.1&#8243; _module_preset=&#8221;default&#8221; background_color=&#8221;#003f64&#8243;][et_pb_row _builder_version=&#8221;4.6.1&#8243; _module_preset=&#8221;default&#8221; custom_padding=&#8221;||0px|||&#8221;][et_pb_column type=&#8221;4_4&#8243; _builder_version=&#8221;4.6.1&#8243; _module_preset=&#8221;default&#8221;][et_pb_text _builder_version=&#8221;4.6.1&#8243; _module_preset=&#8221;default&#8221; text_text_color=&#8221;#ffffff&#8221; header_2_text_align=&#8221;center&#8221; header_2_text_color=&#8221;#ffffff&#8221; text_orientation=&#8221;center&#8221;]<\/p>\n<h2>T\u00e9l\u00e9chargements<\/h2>\n<p>[\/et_pb_text][\/et_pb_column][\/et_pb_row][et_pb_row column_structure=&#8221;1_2,1_2&#8243; _builder_version=&#8221;4.6.1&#8243; _module_preset=&#8221;default&#8221; custom_padding=&#8221;|||0px||&#8221;][et_pb_column type=&#8221;1_2&#8243; _builder_version=&#8221;4.6.1&#8243; _module_preset=&#8221;default&#8221;][et_pb_button button_text=&#8221;Brochure SmartBox&#8221; _builder_version=&#8221;4.6.3&#8243; _module_preset=&#8221;46a6b78f-8f8a-493f-bdc3-1c2d0337d644&#8243; hover_enabled=&#8221;0&#8243; button_url=&#8221;https:\/\/smartbox.minibarsystems.com\/wp-content\/uploads\/2020\/09\/DOC0046_SmartBox_US_Rev-2.pdf&#8221; url_new_window=&#8221;on&#8221; sticky_enabled=&#8221;0&#8243;][\/et_pb_button][\/et_pb_column][et_pb_column type=&#8221;1_2&#8243; _builder_version=&#8221;4.6.1&#8243; _module_preset=&#8221;default&#8221;][et_pb_button button_text=&#8221;SmartBox Laptop 28 feuille \u00e0 feuille&#8221; _builder_version=&#8221;4.6.3&#8243; _module_preset=&#8221;46a6b78f-8f8a-493f-bdc3-1c2d0337d644&#8243; custom_padding=&#8221;1px||1px||false|false&#8221; hover_enabled=&#8221;0&#8243; button_url=&#8221;https:\/\/smartbox.minibarsystems.com\/wp-content\/uploads\/2020\/09\/DOC0280_SmartBox_Laptop_28.pdf&#8221; url_new_window=&#8221;on&#8221; sticky_enabled=&#8221;0&#8243;][\/et_pb_button][\/et_pb_column][\/et_pb_row][\/et_pb_section]<\/p>\n","protected":false},"excerpt":{"rendered":"<p>SmartBox Laptop 28 Coffre-fortSmartBox Laptop 28 de grande capacit\u00e9 int\u00e9rieure et peut accueillir un ordinateur portable de 17 pouces et pr\u00e9sente un style classique et \u00e9l\u00e9gant, une \u00e9lectronique num\u00e9rique avanc\u00e9e, une construction en acier solide, des labyrinthes anti-effraction et un logiciel d&#8217;audit convivial. Son fonctionnement simple en fait le coffre-fort \u00e0 code num\u00e9rique le plus [&hellip;]<\/p>\n","protected":false},"author":1,"featured_media":0,"parent":0,"menu_order":0,"comment_status":"closed","ping_status":"closed","template":"","meta":{"_et_pb_use_builder":"on","_et_pb_old_content":"","_et_gb_content_width":"","footnotes":""},"class_list":["post-1509","page","type-page","status-publish","hentry"],"_links":{"self":[{"href":"https:\/\/smartbox.minibarsystems.com\/fr\/wp-json\/wp\/v2\/pages\/1509","targetHints":{"allow":["GET"]}}],"collection":[{"href":"https:\/\/smartbox.minibarsystems.com\/fr\/wp-json\/wp\/v2\/pages"}],"about":[{"href":"https:\/\/smartbox.minibarsystems.com\/fr\/wp-json\/wp\/v2\/types\/page"}],"author":[{"embeddable":true,"href":"https:\/\/smartbox.minibarsystems.com\/fr\/wp-json\/wp\/v2\/users\/1"}],"replies":[{"embeddable":true,"href":"https:\/\/smartbox.minibarsystems.com\/fr\/wp-json\/wp\/v2\/comments?post=1509"}],"version-history":[{"count":4,"href":"https:\/\/smartbox.minibarsystems.com\/fr\/wp-json\/wp\/v2\/pages\/1509\/revisions"}],"predecessor-version":[{"id":1531,"href":"https:\/\/smartbox.minibarsystems.com\/fr\/wp-json\/wp\/v2\/pages\/1509\/revisions\/1531"}],"wp:attachment":[{"href":"https:\/\/smartbox.minibarsystems.com\/fr\/wp-json\/wp\/v2\/media?parent=1509"}],"curies":[{"name":"wp","href":"https:\/\/api.w.org\/{rel}","templated":true}]}}