{"id":1584,"date":"2021-04-20T02:06:38","date_gmt":"2021-04-20T02:06:38","guid":{"rendered":"https:\/\/smartbox.minibarsystems.com\/ordenador-portatil-smartbox-ng-s\/"},"modified":"2021-04-20T02:06:42","modified_gmt":"2021-04-20T02:06:42","slug":"ordenador-portatil-smartbox-ng-s","status":"publish","type":"page","link":"https:\/\/smartbox.minibarsystems.com\/es\/ordenador-portatil-smartbox-ng-s\/","title":{"rendered":"Ordenador port\u00e1til SmartBox NG S"},"content":{"rendered":"<p>[et_pb_section fb_built=&#8221;1&#8243; _builder_version=&#8221;4.6.1&#8243; _module_preset=&#8221;default&#8221; background_color=&#8221;rgba(0,52,102,0.8)&#8221; custom_padding=&#8221;50px||50px|||&#8221;][et_pb_row _builder_version=&#8221;4.6.1&#8243; _module_preset=&#8221;default&#8221;][et_pb_column type=&#8221;4_4&#8243; _builder_version=&#8221;4.6.1&#8243; _module_preset=&#8221;default&#8221;][et_pb_text _builder_version=&#8221;4.6.1&#8243; _module_preset=&#8221;default&#8221; header_font=&#8221;|700|||||||&#8221; header_text_align=&#8221;center&#8221; header_text_color=&#8221;#ffffff&#8221; header_font_size=&#8221;42px&#8221;]<\/p>\n<h1>SmartBox NG &#8211; Port\u00e1til S<\/h1>\n<p>[\/et_pb_text][\/et_pb_column][\/et_pb_row][\/et_pb_section][et_pb_section fb_built=&#8221;1&#8243; _builder_version=&#8221;4.6.1&#8243; background_color=&#8221;#ffffff&#8221; use_background_color_gradient=&#8221;on&#8221; background_color_gradient_start=&#8221;rgba(255,255,255,0.9)&#8221; background_color_gradient_end=&#8221;rgba(255,255,255,0.9)&#8221; background_color_gradient_overlays_image=&#8221;on&#8221; background_image=&#8221;https:\/\/smartbox.minibarsystems.com\/wp-content\/uploads\/2020\/09\/circuits-bw.jpg&#8221; custom_padding=&#8221;0px||30px||false|false&#8221; custom_css_main_element=&#8221;background-repeat: no-repeat;||background-attachment: fixed;||background-position: center right;||background-size: initial;&#8221;][et_pb_row column_structure=&#8221;1_2,1_2&#8243; make_equal=&#8221;on&#8221; _builder_version=&#8221;4.6.1&#8243; _module_preset=&#8221;default&#8221; custom_padding=&#8221;0px||0px|||&#8221;][et_pb_column type=&#8221;1_2&#8243; _builder_version=&#8221;4.6.1&#8243; _module_preset=&#8221;default&#8221;][et_pb_image src=&#8221;https:\/\/smartbox.minibarsystems.com\/wp-content\/uploads\/2020\/09\/SmartBox_NG_Laptop_S.png&#8221; title_text=&#8221;SmartBox_NG_Laptop_S&#8221; _builder_version=&#8221;4.6.1&#8243; _module_preset=&#8221;default&#8221; custom_padding=&#8221;||0px|||&#8221;][\/et_pb_image][\/et_pb_column][et_pb_column type=&#8221;1_2&#8243; module_class=&#8221;cwd-vert-align&#8221; _builder_version=&#8221;4.6.1&#8243; _module_preset=&#8221;default&#8221;][et_pb_text _builder_version=&#8221;4.6.3&#8243; _module_preset=&#8221;default&#8221; custom_padding=&#8221;30px||||false|false&#8221; locked=&#8221;off&#8221;]<\/p>\n<p>SmartBox NG Laptop S es elegante y compacto y est\u00e1 dise\u00f1ado para caber en espacios peque\u00f1os. Presenta un estilo cl\u00e1sico; electr\u00f3nica digital avanzada; construcci\u00f3n de acero s\u00f3lido; laberintos anti-manipulaci\u00f3n; y software de auditor\u00eda f\u00e1cil de usar. Su sencillo funcionamiento lo convierte en el c\u00f3digo digital seguro m\u00e1s f\u00e1cil de usar del mercado.<\/p>\n<p>[\/et_pb_text][et_pb_text _builder_version=&#8221;4.6.3&#8243; _module_preset=&#8221;default&#8221; custom_padding=&#8221;0px||||false|false&#8221; locked=&#8221;off&#8221;]<\/p>\n<ul>\n<li>Dos mecanismos de bloqueo de perno de acero s\u00f3lido<\/li>\n<li>Gran pantalla LED<\/li>\n<li>Teclado iluminado<\/li>\n<li>Electr\u00f3nica digital avanzada<\/li>\n<li>Construcci\u00f3n de acero s\u00f3lido<\/li>\n<li>Sistema de bloqueo motorizado<\/li>\n<li>Laberintos anti-manipulaci\u00f3n<\/li>\n<li>Software de auditor\u00eda f\u00e1cil de usar<\/li>\n<\/ul>\n<p>[\/et_pb_text][\/et_pb_column][\/et_pb_row][\/et_pb_section][et_pb_section fb_built=&#8221;1&#8243; _builder_version=&#8221;4.6.1&#8243; _module_preset=&#8221;default&#8221; background_color=&#8221;rgba(0,52,102,0.8)&#8221; custom_padding=&#8221;50px||50px|||&#8221;][et_pb_row _builder_version=&#8221;4.6.1&#8243; _module_preset=&#8221;default&#8221;][et_pb_column type=&#8221;4_4&#8243; _builder_version=&#8221;4.6.1&#8243; _module_preset=&#8221;default&#8221;][et_pb_text _builder_version=&#8221;4.6.1&#8243; _module_preset=&#8221;default&#8221; header_font=&#8221;|700|||||||&#8221; header_text_align=&#8221;center&#8221; header_text_color=&#8221;#ffffff&#8221; header_font_size=&#8221;42px&#8221;]<\/p>\n<h1>Caracter\u00edsticas y especificaciones de Laptop S<\/h1>\n<p>[\/et_pb_text][\/et_pb_column][\/et_pb_row][\/et_pb_section][et_pb_section fb_built=&#8221;1&#8243; _builder_version=&#8221;4.6.1&#8243; _module_preset=&#8221;default&#8221;][et_pb_row column_structure=&#8221;1_2,1_2&#8243; _builder_version=&#8221;4.6.1&#8243; _module_preset=&#8221;default&#8221;][et_pb_column type=&#8221;1_2&#8243; _builder_version=&#8221;4.6.1&#8243; _module_preset=&#8221;default&#8221;][et_pb_text _builder_version=&#8221;4.6.3&#8243; _module_preset=&#8221;default&#8221; hover_enabled=&#8221;0&#8243; sticky_enabled=&#8221;0&#8243;]<\/p>\n<h3>Caracter\u00edsticas est\u00e1ndar<\/h3>\n<ul>\n<li>Dos mecanismos de bloqueo de perno de acero s\u00f3lido<\/li>\n<li>Gran pantalla LED y teclado<\/li>\n<li>Luz LED interna<\/li>\n<li>Teclado audible compatible con ADA<\/li>\n<li>C\u00f3digo de hu\u00e9sped de 4 d\u00edgitos<\/li>\n<li>Bater\u00eda de reserva<\/li>\n<li>Comprobaci\u00f3n autom\u00e1tica de la bater\u00eda y advertencia de bater\u00eda baja<\/li>\n<\/ul>\n<h3>Caracter\u00edsticas de seguridad<\/h3>\n<ul>\n<li>Apertura de emergencia con unidad de anulaci\u00f3n<\/li>\n<li>Anular las descargas de unidades de las \u00faltimas 400 operaciones<\/li>\n<li>La construcci\u00f3n anti-manipulaci\u00f3n mejora la seguridad y ofrece protecci\u00f3n contra la manipulaci\u00f3n.<\/li>\n<\/ul>\n<h3>Accesorios \/ caracter\u00edsticas opcionales<\/h3>\n<ul>\n<li>Color de puerta personalizado **<\/li>\n<li>Alfombra interior con logotipo personalizado **<\/li>\n<li>Pedestal<\/li>\n<li>Cable de seguridad<\/li>\n<\/ul>\n<p>[\/et_pb_text][\/et_pb_column][et_pb_column type=&#8221;1_2&#8243; _builder_version=&#8221;4.6.1&#8243; _module_preset=&#8221;default&#8221;][et_pb_text _builder_version=&#8221;4.6.3&#8243; _module_preset=&#8221;default&#8221; hover_enabled=&#8221;0&#8243; sticky_enabled=&#8221;0&#8243;]<\/p>\n<h3>Especificaciones<\/h3>\n<p>De color negro<br \/>Material: acero<br \/>Capacidad: 0,34 ft3 \/ 9,62 litros<br \/>Bisagra de puerta: izquierda o derecha<br \/>Potencia: 4 pilas AA<br \/>Peso: 18,1 libras \/ 8,21 kgs<br \/>Calibre de acero: puerta calibre 14 \/ cuerpo calibre 6<br \/>Revestimiento de alfombra interior: S\u00ed<\/p>\n<h3>Dimensiones<\/h3>\n<p>(Alto x Ancho x Fondo)<br \/>7,87 x 13,75 x 8,25 (pulgadas)<br \/>200 x 350 x 206 (mil\u00edmetro)<\/p>\n<p><span style=\"font-size: .8em;\">* Disponible en bisagra izquierda o derecha<br \/>** Solo disponible en pedidos de 100 unidades o m\u00e1s<\/span><\/p>\n<p>[\/et_pb_text][\/et_pb_column][\/et_pb_row][\/et_pb_section][et_pb_section fb_built=&#8221;1&#8243; _builder_version=&#8221;4.6.1&#8243; _module_preset=&#8221;default&#8221; background_color=&#8221;#003f64&#8243;][et_pb_row _builder_version=&#8221;4.6.1&#8243; _module_preset=&#8221;default&#8221; custom_padding=&#8221;||0px|||&#8221;][et_pb_column type=&#8221;4_4&#8243; _builder_version=&#8221;4.6.1&#8243; _module_preset=&#8221;default&#8221;][et_pb_text _builder_version=&#8221;4.6.1&#8243; _module_preset=&#8221;default&#8221; text_text_color=&#8221;#ffffff&#8221; header_2_text_align=&#8221;center&#8221; header_2_text_color=&#8221;#ffffff&#8221; text_orientation=&#8221;center&#8221;]<\/p>\n<h2>Descargas<\/h2>\n<p>[\/et_pb_text][\/et_pb_column][\/et_pb_row][et_pb_row column_structure=&#8221;1_2,1_2&#8243; _builder_version=&#8221;4.6.1&#8243; _module_preset=&#8221;default&#8221; custom_padding=&#8221;|||0px||&#8221;][et_pb_column type=&#8221;1_2&#8243; _builder_version=&#8221;4.6.1&#8243; _module_preset=&#8221;default&#8221;][et_pb_button button_url=&#8221;https:\/\/smartbox.minibarsystems.com\/wp-content\/uploads\/2020\/09\/DOC0178_SmartBox_NG_Collection_US_Rev-7_S.pdf&#8221; url_new_window=&#8221;on&#8221; button_text=&#8221;Folleto de SmartBox NG&#8221; _builder_version=&#8221;4.6.3&#8243; _module_preset=&#8221;46a6b78f-8f8a-493f-bdc3-1c2d0337d644&#8243;][\/et_pb_button][\/et_pb_column][et_pb_column type=&#8221;1_2&#8243; _builder_version=&#8221;4.6.1&#8243; _module_preset=&#8221;default&#8221;][et_pb_button button_url=&#8221;https:\/\/smartbox.minibarsystems.com\/wp-content\/uploads\/2020\/09\/DOC0270_SmartBox_NG_Laptop_S.pdf&#8221; url_new_window=&#8221;on&#8221; button_text=&#8221;Hoja de corte de SmartBox NG Laptop S&#8221; _builder_version=&#8221;4.6.3&#8243; _module_preset=&#8221;46a6b78f-8f8a-493f-bdc3-1c2d0337d644&#8243;][\/et_pb_button][\/et_pb_column][\/et_pb_row][\/et_pb_section]<\/p>\n","protected":false},"excerpt":{"rendered":"<p>SmartBox NG &#8211; Port\u00e1til SSmartBox NG Laptop S es elegante y compacto y est\u00e1 dise\u00f1ado para caber en espacios peque\u00f1os. Presenta un estilo cl\u00e1sico; electr\u00f3nica digital avanzada; construcci\u00f3n de acero s\u00f3lido; laberintos anti-manipulaci\u00f3n; y software de auditor\u00eda f\u00e1cil de usar. Su sencillo funcionamiento lo convierte en el c\u00f3digo digital seguro m\u00e1s f\u00e1cil de usar del [&hellip;]<\/p>\n","protected":false},"author":1,"featured_media":0,"parent":0,"menu_order":0,"comment_status":"closed","ping_status":"closed","template":"","meta":{"_et_pb_use_builder":"on","_et_pb_old_content":"","_et_gb_content_width":"","footnotes":""},"class_list":["post-1584","page","type-page","status-publish","hentry"],"_links":{"self":[{"href":"https:\/\/smartbox.minibarsystems.com\/es\/wp-json\/wp\/v2\/pages\/1584","targetHints":{"allow":["GET"]}}],"collection":[{"href":"https:\/\/smartbox.minibarsystems.com\/es\/wp-json\/wp\/v2\/pages"}],"about":[{"href":"https:\/\/smartbox.minibarsystems.com\/es\/wp-json\/wp\/v2\/types\/page"}],"author":[{"embeddable":true,"href":"https:\/\/smartbox.minibarsystems.com\/es\/wp-json\/wp\/v2\/users\/1"}],"replies":[{"embeddable":true,"href":"https:\/\/smartbox.minibarsystems.com\/es\/wp-json\/wp\/v2\/comments?post=1584"}],"version-history":[{"count":1,"href":"https:\/\/smartbox.minibarsystems.com\/es\/wp-json\/wp\/v2\/pages\/1584\/revisions"}],"predecessor-version":[{"id":1598,"href":"https:\/\/smartbox.minibarsystems.com\/es\/wp-json\/wp\/v2\/pages\/1584\/revisions\/1598"}],"wp:attachment":[{"href":"https:\/\/smartbox.minibarsystems.com\/es\/wp-json\/wp\/v2\/media?parent=1584"}],"curies":[{"name":"wp","href":"https:\/\/api.w.org\/{rel}","templated":true}]}}