{"id":1550,"date":"2021-04-20T02:06:25","date_gmt":"2021-04-20T02:06:25","guid":{"rendered":"https:\/\/smartbox.minibarsystems.com\/sobre-smartbox\/"},"modified":"2021-04-20T02:06:42","modified_gmt":"2021-04-20T02:06:42","slug":"sobre-smartbox","status":"publish","type":"page","link":"https:\/\/smartbox.minibarsystems.com\/es\/sobre-smartbox\/","title":{"rendered":"Sobre SmartBox"},"content":{"rendered":"<p>[et_pb_section fb_built=&#8221;1&#8243; _builder_version=&#8221;4.6.1&#8243; background_color=&#8221;rgba(0,52,102,0.8)&#8221; background_enable_image=&#8221;off&#8221; custom_padding=&#8221;50px||20px||false|false&#8221; custom_css_main_element=&#8221;background-repeat: no-repeat;||background-attachment: fixed;||background-position: center center;||background-size: initial;&#8221; border_width_top=&#8221;1px&#8221; border_color_top=&#8221;#ffffff&#8221; box_shadow_style=&#8221;preset3&#8243;][et_pb_row _builder_version=&#8221;4.4.7&#8243;][et_pb_column type=&#8221;4_4&#8243; _builder_version=&#8221;4.4.7&#8243;][et_pb_text _builder_version=&#8221;4.6.1&#8243; header_2_text_align=&#8221;center&#8221; header_2_text_color=&#8221;#ffffff&#8221; header_2_font_size=&#8221;36px&#8221; custom_margin=&#8221;||19px|||&#8221; header_2_font_size_tablet=&#8221;32px&#8221; header_2_font_size_phone=&#8221;30px&#8221; header_2_font_size_last_edited=&#8221;on|tablet&#8221;]<\/p>\n<h2>SmartBox &#8211; ACERCA DE<\/h2>\n<p>[\/et_pb_text][\/et_pb_column][\/et_pb_row][\/et_pb_section][et_pb_section fb_built=&#8221;1&#8243; _builder_version=&#8221;4.6.1&#8243; background_color=&#8221;#ffffff&#8221; use_background_color_gradient=&#8221;on&#8221; background_color_gradient_start=&#8221;rgba(255,255,255,0.9)&#8221; background_color_gradient_end=&#8221;rgba(255,255,255,0.9)&#8221; background_color_gradient_overlays_image=&#8221;on&#8221; background_image=&#8221;https:\/\/smartbox.minibarsystems.com\/wp-content\/uploads\/2020\/09\/circuits-bw.jpg&#8221; min_height=&#8221;691px&#8221; custom_padding=&#8221;60px||60px||false|false&#8221; custom_css_main_element=&#8221;background-repeat: no-repeat;||background-attachment: fixed;||background-position: center right;||background-size: initial;&#8221;][et_pb_row _builder_version=&#8221;4.6.1&#8243; _module_preset=&#8221;default&#8221; background_color=&#8221;#ffffff&#8221; custom_margin=&#8221;-1px|auto|0px|auto|false|false&#8221; custom_padding=&#8221;27px|||||&#8221; border_radii=&#8221;off|12px|12px||&#8221;][et_pb_column type=&#8221;4_4&#8243; _builder_version=&#8221;4.6.1&#8243; _module_preset=&#8221;default&#8221;][et_pb_text _builder_version=&#8221;4.6.1&#8243; _module_preset=&#8221;default&#8221; header_2_text_align=&#8221;center&#8221; custom_padding=&#8221;|25px||25px|false|false&#8221;]<\/p>\n<h2>\u00a1Mantener seguros los objetos de valor de sus invitados nunca ha sido tan f\u00e1cil!<\/h2>\n<p>Minibar Systems le ofrece SmartBox: seguridad avanzada a un precio asequible. SmartBox est\u00e1 disponible en dos modelos: Laptop y Top Open. SmartBox presenta un estilo cl\u00e1sico y elegante; electr\u00f3nica digital avanzada; construcci\u00f3n de acero s\u00f3lido; laberintos anti-manipulaci\u00f3n; y software de auditor\u00eda f\u00e1cil de usar. Su sencillo funcionamiento lo convierte en el c\u00f3digo digital seguro m\u00e1s f\u00e1cil de usar del mercado.<\/p>\n<p>[\/et_pb_text][\/et_pb_column][\/et_pb_row][et_pb_row column_structure=&#8221;1_2,1_2&#8243; use_custom_gutter=&#8221;on&#8221; gutter_width=&#8221;2&#8243; make_equal=&#8221;on&#8221; _builder_version=&#8221;4.6.1&#8243; background_color=&#8221;#ffffff&#8221; background_size=&#8221;contain&#8221; custom_margin=&#8221;0px||||false|false&#8221; custom_padding=&#8221;|25px||25px|false|false&#8221; custom_css_main_element=&#8221;background-repeat: no-repeat;||background-attachment: fixed;||background-position: center right;||background-size: initial;&#8221; border_radii=&#8221;off|||12px|12px&#8221; box_shadow_style=&#8221;preset3&#8243;][et_pb_column type=&#8221;1_2&#8243; _builder_version=&#8221;4.6.1&#8243; background_color=&#8221;#ffffff&#8221; transform_styles__hover_enabled=&#8221;on|hover&#8221; transform_scale__hover_enabled=&#8221;on|hover&#8221; transform_translate__hover_enabled=&#8221;on|desktop&#8221; transform_rotate__hover_enabled=&#8221;on|desktop&#8221; transform_skew__hover_enabled=&#8221;on|desktop&#8221; transform_origin__hover_enabled=&#8221;on|desktop&#8221; transform_scale__hover=&#8221;98%|98%&#8221; box_shadow_blur__hover_enabled=&#8221;on|hover&#8221; box_shadow_blur__hover=&#8221;10px&#8221; box_shadow_color__hover_enabled=&#8221;on|hover&#8221; box_shadow_color__hover=&#8221;rgba(0,0,0,0.5)&#8221; box_shadow_vertical__hover_enabled=&#8221;on|desktop&#8221; box_shadow_vertical__hover=&#8221;2px&#8221;][et_pb_image src=&#8221;https:\/\/smartbox.minibarsystems.com\/wp-content\/uploads\/2020\/09\/SB_20_Laptop.png&#8221; title_text=&#8221;SB_20_Laptop&#8221; align=&#8221;center&#8221; _builder_version=&#8221;4.6.1&#8243; max_width=&#8221;400px&#8221; custom_margin=&#8221;||0px||false|false&#8221; border_width_all=&#8221;1px&#8221; border_color_all=&#8221;#ffffff&#8221;][\/et_pb_image][et_pb_text _builder_version=&#8221;4.6.1&#8243; header_3_font=&#8221;|600|||||||&#8221; header_3_text_align=&#8221;center&#8221; header_3_font_size=&#8221;20px&#8221; custom_padding=&#8221;|20px|20px|20px|false|false&#8221;]<\/p>\n<h3>Caja fuerte para port\u00e1til<\/h3>\n<p>[\/et_pb_text][\/et_pb_column][et_pb_column type=&#8221;1_2&#8243; module_class=&#8221;fade-out-siblings&#8221; _builder_version=&#8221;4.6.1&#8243; background_color=&#8221;#ffffff&#8221; transform_styles__hover_enabled=&#8221;on|hover&#8221; transform_scale__hover_enabled=&#8221;on|hover&#8221; transform_scale__hover=&#8221;98%|98%&#8221; box_shadow_blur__hover=&#8221;10px&#8221; box_shadow_blur__hover_enabled=&#8221;on|hover&#8221; box_shadow_color__hover=&#8221;rgba(0,0,0,0.5)&#8221; box_shadow_color__hover_enabled=&#8221;on|hover&#8221; box_shadow_vertical__hover=&#8221;2px&#8221; box_shadow_vertical__hover_enabled=&#8221;on|desktop&#8221;][et_pb_image src=&#8221;https:\/\/smartbox.minibarsystems.com\/wp-content\/uploads\/2020\/09\/SB2_TopOpen_Angle_01.png&#8221; title_text=&#8221;SB2_TopOpen_Angle_01&#8243; align=&#8221;center&#8221; _builder_version=&#8221;4.6.1&#8243; max_width=&#8221;400px&#8221; custom_margin=&#8221;||0px||false|false&#8221; border_width_all=&#8221;1px&#8221; border_color_all=&#8221;#ffffff&#8221;][\/et_pb_image][et_pb_text _builder_version=&#8221;4.6.1&#8243; header_3_font=&#8221;|600|||||||&#8221; header_3_text_align=&#8221;center&#8221; header_3_font_size=&#8221;20px&#8221; custom_padding=&#8221;|20px|20px|20px|false|false&#8221;]<\/p>\n<h3>Caja fuerte abierta superior<\/h3>\n<p>[\/et_pb_text][\/et_pb_column][\/et_pb_row][\/et_pb_section][et_pb_section fb_built=&#8221;1&#8243; _builder_version=&#8221;4.6.1&#8243; background_color=&#8221;rgba(0,52,102,0.8)&#8221; background_enable_image=&#8221;off&#8221; custom_padding=&#8221;50px||20px||false|false&#8221; custom_css_main_element=&#8221;background-repeat: no-repeat;||background-attachment: fixed;||background-position: center center;||background-size: initial;&#8221; border_width_top=&#8221;1px&#8221; border_color_top=&#8221;#ffffff&#8221; box_shadow_style=&#8221;preset3&#8243;][et_pb_row _builder_version=&#8221;4.4.7&#8243;][et_pb_column type=&#8221;4_4&#8243; _builder_version=&#8221;4.4.7&#8243;][et_pb_text _builder_version=&#8221;4.6.1&#8243; header_2_text_align=&#8221;center&#8221; header_2_text_color=&#8221;#ffffff&#8221; header_2_font_size=&#8221;36px&#8221; custom_margin=&#8221;||19px|||&#8221; header_2_font_size_tablet=&#8221;32px&#8221; header_2_font_size_phone=&#8221;30px&#8221; header_2_font_size_last_edited=&#8221;on|tablet&#8221;]<\/p>\n<h2>SmartBox &#8211; TAMA\u00d1OS<\/h2>\n<p>[\/et_pb_text][\/et_pb_column][\/et_pb_row][\/et_pb_section][et_pb_section fb_built=&#8221;1&#8243; _builder_version=&#8221;4.6.1&#8243; background_color=&#8221;#ffffff&#8221; use_background_color_gradient=&#8221;on&#8221; background_color_gradient_start=&#8221;rgba(255,255,255,0.9)&#8221; background_color_gradient_end=&#8221;rgba(255,255,255,0.9)&#8221; background_color_gradient_overlays_image=&#8221;on&#8221; background_image=&#8221;https:\/\/smartbox.minibarsystems.com\/wp-content\/uploads\/2020\/09\/circuits-bw.jpg&#8221; min_height=&#8221;691px&#8221; custom_padding=&#8221;59px||60px||false|false&#8221; custom_css_main_element=&#8221;background-repeat: no-repeat;||background-attachment: fixed;||background-position: center right;||background-size: initial;&#8221;][et_pb_row column_structure=&#8221;1_3,1_3,1_3&#8243; use_custom_gutter=&#8221;on&#8221; gutter_width=&#8221;2&#8243; make_equal=&#8221;on&#8221; _builder_version=&#8221;4.6.3&#8243; background_color=&#8221;#ffffff&#8221; background_size=&#8221;contain&#8221; custom_margin=&#8221;0px||||false|false&#8221; custom_padding=&#8221;|25px||25px|false|false&#8221; hover_enabled=&#8221;0&#8243; custom_css_main_element=&#8221;background-repeat: no-repeat;||background-attachment: fixed;||background-position: center right;||background-size: initial;&#8221; border_radii=&#8221;off|12px|12px||&#8221; sticky_enabled=&#8221;0&#8243;][et_pb_column type=&#8221;1_3&#8243; _builder_version=&#8221;4.6.1&#8243; background_color=&#8221;#ffffff&#8221; link_option_url=&#8221;https:\/\/smartbox.minibarsystems.com\/smartbox-laptop-20-safe\/&#8221; transform_styles__hover_enabled=&#8221;on|hover&#8221; transform_scale__hover_enabled=&#8221;on|hover&#8221; transform_translate__hover_enabled=&#8221;on|desktop&#8221; transform_rotate__hover_enabled=&#8221;on|desktop&#8221; transform_skew__hover_enabled=&#8221;on|desktop&#8221; transform_origin__hover_enabled=&#8221;on|desktop&#8221; transform_scale__hover=&#8221;98%|98%&#8221; box_shadow_blur__hover_enabled=&#8221;on|hover&#8221; box_shadow_blur__hover=&#8221;10px&#8221; box_shadow_color__hover_enabled=&#8221;on|hover&#8221; box_shadow_color__hover=&#8221;rgba(0,0,0,0.5)&#8221; box_shadow_vertical__hover_enabled=&#8221;on|desktop&#8221; box_shadow_vertical__hover=&#8221;2px&#8221;][et_pb_image src=&#8221;https:\/\/smartbox.minibarsystems.com\/wp-content\/uploads\/2020\/09\/SB_20_Laptop.png&#8221; title_text=&#8221;SB_20_Laptop&#8221; align=&#8221;center&#8221; _builder_version=&#8221;4.6.1&#8243; max_width=&#8221;300px&#8221; custom_margin=&#8221;||0px||false|false&#8221; border_width_all=&#8221;1px&#8221; border_color_all=&#8221;#ffffff&#8221;][\/et_pb_image][et_pb_text _builder_version=&#8221;4.6.1&#8243; header_3_font=&#8221;|600|||||||&#8221; header_3_text_align=&#8221;center&#8221; header_3_font_size=&#8221;20px&#8221; custom_padding=&#8221;|20px|20px|20px|false|false&#8221;]<\/p>\n<h3>Port\u00e1til 20 Caja fuerte<\/h3>\n<p>[\/et_pb_text][\/et_pb_column][et_pb_column type=&#8221;1_3&#8243; module_class=&#8221;fade-out-siblings&#8221; _builder_version=&#8221;4.6.3&#8243; background_color=&#8221;#ffffff&#8221; link_option_url=&#8221;https:\/\/smartbox.minibarsystems.com\/smartbox-laptop-25-safe\/&#8221; hover_enabled=&#8221;0&#8243; transform_styles__hover_enabled=&#8221;on|hover&#8221; transform_scale__hover_enabled=&#8221;on|hover&#8221; transform_scale__hover=&#8221;98%|98%&#8221; box_shadow_blur__hover=&#8221;10px&#8221; box_shadow_blur__hover_enabled=&#8221;on|hover&#8221; box_shadow_color__hover=&#8221;rgba(0,0,0,0.5)&#8221; box_shadow_color__hover_enabled=&#8221;on|hover&#8221; box_shadow_vertical__hover=&#8221;2px&#8221; box_shadow_vertical__hover_enabled=&#8221;on|desktop&#8221; sticky_enabled=&#8221;0&#8243;][et_pb_image src=&#8221;https:\/\/smartbox.minibarsystems.com\/wp-content\/uploads\/2020\/09\/SB_25_Laptop.png&#8221; title_text=&#8221;SB_25_Laptop&#8221; align=&#8221;center&#8221; _builder_version=&#8221;4.6.1&#8243; max_width=&#8221;300px&#8221; custom_margin=&#8221;||0px||false|false&#8221; border_width_all=&#8221;1px&#8221; border_color_all=&#8221;#ffffff&#8221;][\/et_pb_image][et_pb_text _builder_version=&#8221;4.6.1&#8243; header_3_font=&#8221;|600|||||||&#8221; header_3_text_align=&#8221;center&#8221; header_3_font_size=&#8221;20px&#8221; custom_padding=&#8221;|20px|20px|20px|false|false&#8221; hover_enabled=&#8221;0&#8243; sticky_enabled=&#8221;0&#8243;]<\/p>\n<h3>Port\u00e1til 25 Caja fuerte<\/h3>\n<p>[\/et_pb_text][\/et_pb_column][et_pb_column type=&#8221;1_3&#8243; module_class=&#8221;fade-out-siblings&#8221; _builder_version=&#8221;4.6.1&#8243; background_color=&#8221;#ffffff&#8221; link_option_url=&#8221;https:\/\/smartbox.minibarsystems.com\/smartbox-laptop-28-safe\/&#8221; transform_styles__hover_enabled=&#8221;on|hover&#8221; transform_scale__hover_enabled=&#8221;on|hover&#8221; transform_scale__hover=&#8221;98%|98%&#8221; box_shadow_blur__hover=&#8221;10px&#8221; box_shadow_blur__hover_enabled=&#8221;on|hover&#8221; box_shadow_color__hover=&#8221;rgba(0,0,0,0.5)&#8221; box_shadow_color__hover_enabled=&#8221;on|hover&#8221; box_shadow_vertical__hover=&#8221;2px&#8221; box_shadow_vertical__hover_enabled=&#8221;on|desktop&#8221;][et_pb_image src=&#8221;https:\/\/smartbox.minibarsystems.com\/wp-content\/uploads\/2020\/09\/SB_28_Laptop.png&#8221; title_text=&#8221;SB_28_Laptop&#8221; align=&#8221;center&#8221; _builder_version=&#8221;4.6.1&#8243; max_width=&#8221;300px&#8221; custom_margin=&#8221;||0px||false|false&#8221; border_width_all=&#8221;1px&#8221; border_color_all=&#8221;#ffffff&#8221;][\/et_pb_image][et_pb_text _builder_version=&#8221;4.6.1&#8243; header_3_font=&#8221;|600|||||||&#8221; header_3_text_align=&#8221;center&#8221; header_3_font_size=&#8221;20px&#8221; custom_padding=&#8221;|20px|20px|20px|false|false&#8221;]<\/p>\n<h3>Port\u00e1til 28 Caja fuerte<\/h3>\n<p>[\/et_pb_text][\/et_pb_column][\/et_pb_row][et_pb_row column_structure=&#8221;1_3,1_3,1_3&#8243; use_custom_gutter=&#8221;on&#8221; gutter_width=&#8221;2&#8243; make_equal=&#8221;on&#8221; _builder_version=&#8221;4.6.1&#8243; background_color=&#8221;#ffffff&#8221; background_size=&#8221;contain&#8221; custom_margin=&#8221;0px||||false|false&#8221; custom_padding=&#8221;|25px||25px|false|false&#8221; custom_css_main_element=&#8221;background-repeat: no-repeat;||background-attachment: fixed;||background-position: center right;||background-size: initial;&#8221; border_radii=&#8221;off|||12px|12px&#8221; box_shadow_style=&#8221;preset3&#8243;][et_pb_column type=&#8221;1_3&#8243; _builder_version=&#8221;4.6.1&#8243; background_color=&#8221;#ffffff&#8221; link_option_url=&#8221;https:\/\/smartbox.minibarsystems.com\/caja-fuerte-smartbox-top-open-13\/?lang=es&#8221; transform_styles__hover_enabled=&#8221;on|hover&#8221; transform_scale__hover_enabled=&#8221;on|hover&#8221; transform_translate__hover_enabled=&#8221;on|desktop&#8221; transform_rotate__hover_enabled=&#8221;on|desktop&#8221; transform_skew__hover_enabled=&#8221;on|desktop&#8221; transform_origin__hover_enabled=&#8221;on|desktop&#8221; transform_scale__hover=&#8221;98%|98%&#8221; box_shadow_blur__hover_enabled=&#8221;on|hover&#8221; box_shadow_blur__hover=&#8221;10px&#8221; box_shadow_color__hover_enabled=&#8221;on|hover&#8221; box_shadow_color__hover=&#8221;rgba(0,0,0,0.5)&#8221; box_shadow_vertical__hover_enabled=&#8221;on|desktop&#8221; box_shadow_vertical__hover=&#8221;2px&#8221;][et_pb_image src=&#8221;https:\/\/smartbox.minibarsystems.com\/wp-content\/uploads\/2020\/09\/SB2_TopOpen_Angle_01.png&#8221; title_text=&#8221;SB2_TopOpen_Angle_01&#8243; align=&#8221;center&#8221; _builder_version=&#8221;4.6.1&#8243; max_width=&#8221;300px&#8221; custom_margin=&#8221;||0px||false|false&#8221; border_width_all=&#8221;1px&#8221; border_color_all=&#8221;#ffffff&#8221;][\/et_pb_image][et_pb_text _builder_version=&#8221;4.6.1&#8243; header_3_font=&#8221;|600|||||||&#8221; header_3_text_align=&#8221;center&#8221; header_3_font_size=&#8221;20px&#8221; custom_padding=&#8221;|20px|20px|20px|false|false&#8221;]<\/p>\n<h3>Caja fuerte superior abierta 13<\/h3>\n<p>[\/et_pb_text][\/et_pb_column][et_pb_column type=&#8221;1_3&#8243; module_class=&#8221;fade-out-siblings&#8221; _builder_version=&#8221;4.6.1&#8243; background_color=&#8221;#ffffff&#8221; link_option_url=&#8221;https:\/\/smartbox.minibarsystems.com\/caja-fuerte-smartbox-top-open-15\/?lang=es&#8221; transform_styles__hover_enabled=&#8221;on|hover&#8221; transform_scale__hover_enabled=&#8221;on|hover&#8221; transform_scale__hover=&#8221;98%|98%&#8221; box_shadow_blur__hover=&#8221;10px&#8221; box_shadow_blur__hover_enabled=&#8221;on|hover&#8221; box_shadow_color__hover=&#8221;rgba(0,0,0,0.5)&#8221; box_shadow_color__hover_enabled=&#8221;on|hover&#8221; box_shadow_vertical__hover=&#8221;2px&#8221; box_shadow_vertical__hover_enabled=&#8221;on|desktop&#8221;][et_pb_image src=&#8221;https:\/\/smartbox.minibarsystems.com\/wp-content\/uploads\/2020\/09\/SB2_TopOpen_Angle_02.png&#8221; title_text=&#8221;SB2_TopOpen_Angle_02&#8243; align=&#8221;center&#8221; _builder_version=&#8221;4.6.1&#8243; max_width=&#8221;300px&#8221; custom_margin=&#8221;||0px||false|false&#8221; border_width_all=&#8221;1px&#8221; border_color_all=&#8221;#ffffff&#8221;][\/et_pb_image][et_pb_text _builder_version=&#8221;4.6.1&#8243; header_3_font=&#8221;|600|||||||&#8221; header_3_text_align=&#8221;center&#8221; header_3_font_size=&#8221;20px&#8221; custom_padding=&#8221;|20px|20px|20px|false|false&#8221;]<\/p>\n<h3>Top Open 15 Caja fuerte<\/h3>\n<p>[\/et_pb_text][\/et_pb_column][et_pb_column type=&#8221;1_3&#8243; module_class=&#8221;fade-out-siblings&#8221; _builder_version=&#8221;4.6.1&#8243; background_color=&#8221;#ffffff&#8221; transform_styles__hover_enabled=&#8221;on|hover&#8221; transform_scale__hover_enabled=&#8221;on|hover&#8221; transform_scale__hover=&#8221;98%|98%&#8221; box_shadow_blur__hover=&#8221;10px&#8221; box_shadow_blur__hover_enabled=&#8221;on|hover&#8221; box_shadow_color__hover=&#8221;rgba(0,0,0,0.5)&#8221; box_shadow_color__hover_enabled=&#8221;on|hover&#8221; box_shadow_vertical__hover=&#8221;2px&#8221; box_shadow_vertical__hover_enabled=&#8221;on|desktop&#8221;][et_pb_image src=&#8221;https:\/\/smartbox.minibarsystems.com\/wp-content\/uploads\/2020\/09\/SB2_USB_Device.png&#8221; title_text=&#8221;SB2_USB_Device&#8221; align=&#8221;center&#8221; _builder_version=&#8221;4.6.1&#8243; max_width=&#8221;300px&#8221; custom_margin=&#8221;||0px||false|false&#8221; border_width_all=&#8221;1px&#8221; border_color_all=&#8221;#ffffff&#8221;][\/et_pb_image][et_pb_text _builder_version=&#8221;4.6.1&#8243; header_3_font=&#8221;|600|||||||&#8221; header_3_text_align=&#8221;center&#8221; header_3_font_size=&#8221;20px&#8221; custom_padding=&#8221;|20px|20px|20px|false|false&#8221;]<\/p>\n<h3>Unidad de clave de c\u00f3digo de anulaci\u00f3n<\/h3>\n<p>[\/et_pb_text][\/et_pb_column][\/et_pb_row][\/et_pb_section][et_pb_section fb_built=&#8221;1&#8243; _builder_version=&#8221;4.6.1&#8243; background_color=&#8221;rgba(0,52,102,0.8)&#8221; background_enable_image=&#8221;off&#8221; custom_padding=&#8221;50px||20px||false|false&#8221; custom_css_main_element=&#8221;background-repeat: no-repeat;||background-attachment: fixed;||background-position: center center;||background-size: initial;&#8221; border_width_top=&#8221;1px&#8221; border_color_top=&#8221;#ffffff&#8221; box_shadow_style=&#8221;preset3&#8243;][et_pb_row _builder_version=&#8221;4.4.7&#8243;][et_pb_column type=&#8221;4_4&#8243; _builder_version=&#8221;4.4.7&#8243;][et_pb_text _builder_version=&#8221;4.6.1&#8243; header_2_text_align=&#8221;center&#8221; header_2_text_color=&#8221;#ffffff&#8221; header_2_font_size=&#8221;36px&#8221; custom_margin=&#8221;||19px|||&#8221; header_2_font_size_tablet=&#8221;32px&#8221; header_2_font_size_phone=&#8221;30px&#8221; header_2_font_size_last_edited=&#8221;on|tablet&#8221;]<\/p>\n<h2>SmartBox &#8211; ACERCA DE<\/h2>\n<p>[\/et_pb_text][\/et_pb_column][\/et_pb_row][\/et_pb_section][et_pb_section fb_built=&#8221;1&#8243; _builder_version=&#8221;4.6.1&#8243; background_color=&#8221;#ffffff&#8221; use_background_color_gradient=&#8221;on&#8221; background_color_gradient_start=&#8221;rgba(255,255,255,0.9)&#8221; background_color_gradient_end=&#8221;rgba(255,255,255,0.9)&#8221; background_color_gradient_overlays_image=&#8221;on&#8221; background_image=&#8221;https:\/\/smartbox.minibarsystems.com\/wp-content\/uploads\/2020\/09\/circuits-bw.jpg&#8221; min_height=&#8221;691px&#8221; custom_padding=&#8221;59px||60px||false|false&#8221; custom_css_main_element=&#8221;background-repeat: no-repeat;||background-attachment: fixed;||background-position: center right;||background-size: initial;&#8221;][et_pb_row column_structure=&#8221;1_2,1_2&#8243; use_custom_gutter=&#8221;on&#8221; gutter_width=&#8221;2&#8243; make_equal=&#8221;on&#8221; _builder_version=&#8221;4.6.1&#8243; background_size=&#8221;contain&#8221; custom_margin=&#8221;0px||||false|false&#8221; custom_css_main_element=&#8221;background-repeat: no-repeat;||background-attachment: fixed;||background-position: center right;||background-size: initial;&#8221; border_radii=&#8221;off|12px|12px||&#8221;][et_pb_column type=&#8221;1_2&#8243; _builder_version=&#8221;4.6.1&#8243; background_color=&#8221;#ffffff&#8221; custom_padding=&#8221;25px|25px|25px|25px|false|false&#8221; border_radii=&#8221;on|12px|12px|12px|12px&#8221; box_shadow_style=&#8221;preset3&#8243; transform_styles__hover_enabled=&#8221;on|hover&#8221; transform_scale__hover_enabled=&#8221;on|hover&#8221; transform_translate__hover_enabled=&#8221;on|desktop&#8221; transform_rotate__hover_enabled=&#8221;on|desktop&#8221; transform_skew__hover_enabled=&#8221;on|desktop&#8221; transform_origin__hover_enabled=&#8221;on|desktop&#8221; box_shadow_blur__hover_enabled=&#8221;off|hover&#8221; box_shadow_blur__hover=&#8221;10px&#8221; box_shadow_color__hover_enabled=&#8221;on|hover&#8221; box_shadow_color__hover=&#8221;rgba(0,0,0,0.5)&#8221; box_shadow_vertical__hover_enabled=&#8221;off|hover&#8221; box_shadow_vertical__hover=&#8221;2px&#8221;][et_pb_text _builder_version=&#8221;4.6.1&#8243; header_3_font=&#8221;|600|||||||&#8221; header_3_font_size=&#8221;20px&#8221;]<\/p>\n<h3>Caracter\u00edsticas est\u00e1ndar<\/h3>\n<ul>\n<li>Mecanismo de bloqueo de perno de acero s\u00f3lido<\/li>\n<li>Gran pantalla LED y teclado<\/li>\n<li>Teclado audible compatible con ADA<\/li>\n<li>C\u00f3digo de hu\u00e9sped de 4 d\u00edgitos<\/li>\n<li>Bater\u00eda de reserva<\/li>\n<li>Comprobaci\u00f3n autom\u00e1tica de la bater\u00eda y advertencia de bater\u00eda baja<\/li>\n<\/ul>\n<h3>Caracter\u00edsticas de seguridad<\/h3>\n<ul>\n<li>Apertura de emergencia con unidad de anulaci\u00f3n<\/li>\n<li>Anular las descargas de unidades de las \u00faltimas 300 operaciones<\/li>\n<li>La construcci\u00f3n anti-manipulaci\u00f3n mejora la seguridad y ofrece protecci\u00f3n contra la manipulaci\u00f3n.<\/li>\n<\/ul>\n<h3>Caracter\u00edsticas est\u00e1ndar<\/h3>\n<ul>\n<li>Pedestal<\/li>\n<li>Cable de seguridad<\/li>\n<\/ul>\n<p>[\/et_pb_text][\/et_pb_column][et_pb_column type=&#8221;1_2&#8243; module_class=&#8221;fade-out-siblings&#8221; _builder_version=&#8221;4.6.1&#8243; background_color=&#8221;#ffffff&#8221; custom_padding=&#8221;25px|25px|25px|25px|false|false&#8221; border_radii=&#8221;on|12px|12px|12px|12px&#8221; box_shadow_style=&#8221;preset3&#8243; transform_styles__hover_enabled=&#8221;off|desktop&#8221; box_shadow_blur__hover=&#8221;10px&#8221; box_shadow_blur__hover_enabled=&#8221;off|desktop&#8221; box_shadow_color__hover=&#8221;rgba(0,0,0,0.5)&#8221; box_shadow_color__hover_enabled=&#8221;on|hover&#8221; box_shadow_vertical__hover=&#8221;2px&#8221; box_shadow_vertical__hover_enabled=&#8221;off|desktop&#8221; transform_scale__hover_enabled=&#8221;off|desktop&#8221; transform_translate__hover_enabled=&#8221;off|desktop&#8221; transform_rotate__hover_enabled=&#8221;off|desktop&#8221; transform_skew__hover_enabled=&#8221;off|desktop&#8221; transform_origin__hover_enabled=&#8221;off|desktop&#8221;][et_pb_text _builder_version=&#8221;4.6.1&#8243; header_3_font=&#8221;|600|||||||&#8221; header_3_font_size=&#8221;20px&#8221;]<\/p>\n<h3>Especificaciones t\u00e9cnicas<\/h3>\n<p>[\/et_pb_text][et_pb_image src=&#8221;https:\/\/smartbox.minibarsystems.com\/wp-content\/uploads\/2020\/09\/SmartBox-Technical_Specifications.jpg&#8221; title_text=&#8221;Especificaciones_t\u00e9cnicas de SmartBox&#8221; _builder_version=&#8221;4.6.1&#8243; _module_preset=&#8221;default&#8221;][\/et_pb_image][\/et_pb_column][\/et_pb_row][\/et_pb_section]<\/p>\n","protected":false},"excerpt":{"rendered":"<p>SmartBox &#8211; ACERCA DE\u00a1Mantener seguros los objetos de valor de sus invitados nunca ha sido tan f\u00e1cil! Minibar Systems le ofrece SmartBox: seguridad avanzada a un precio asequible. SmartBox est\u00e1 disponible en dos modelos: Laptop y Top Open. SmartBox presenta un estilo cl\u00e1sico y elegante; electr\u00f3nica digital avanzada; construcci\u00f3n de acero s\u00f3lido; laberintos anti-manipulaci\u00f3n; y [&hellip;]<\/p>\n","protected":false},"author":1,"featured_media":0,"parent":0,"menu_order":0,"comment_status":"closed","ping_status":"closed","template":"","meta":{"_et_pb_use_builder":"on","_et_pb_old_content":"","_et_gb_content_width":"","footnotes":""},"class_list":["post-1550","page","type-page","status-publish","hentry"],"_links":{"self":[{"href":"https:\/\/smartbox.minibarsystems.com\/es\/wp-json\/wp\/v2\/pages\/1550","targetHints":{"allow":["GET"]}}],"collection":[{"href":"https:\/\/smartbox.minibarsystems.com\/es\/wp-json\/wp\/v2\/pages"}],"about":[{"href":"https:\/\/smartbox.minibarsystems.com\/es\/wp-json\/wp\/v2\/types\/page"}],"author":[{"embeddable":true,"href":"https:\/\/smartbox.minibarsystems.com\/es\/wp-json\/wp\/v2\/users\/1"}],"replies":[{"embeddable":true,"href":"https:\/\/smartbox.minibarsystems.com\/es\/wp-json\/wp\/v2\/comments?post=1550"}],"version-history":[{"count":6,"href":"https:\/\/smartbox.minibarsystems.com\/es\/wp-json\/wp\/v2\/pages\/1550\/revisions"}],"predecessor-version":[{"id":1596,"href":"https:\/\/smartbox.minibarsystems.com\/es\/wp-json\/wp\/v2\/pages\/1550\/revisions\/1596"}],"wp:attachment":[{"href":"https:\/\/smartbox.minibarsystems.com\/es\/wp-json\/wp\/v2\/media?parent=1550"}],"curies":[{"name":"wp","href":"https:\/\/api.w.org\/{rel}","templated":true}]}}