{"id":1582,"date":"2021-04-20T02:06:38","date_gmt":"2021-04-20T02:06:38","guid":{"rendered":"https:\/\/smartbox.minibarsystems.com\/smartbox-ng-laptop-s\/"},"modified":"2021-04-20T02:06:47","modified_gmt":"2021-04-20T02:06:47","slug":"smartbox-ng-laptop-s","status":"publish","type":"page","link":"https:\/\/smartbox.minibarsystems.com\/de\/smartbox-ng-laptop-s\/","title":{"rendered":"SmartBox NG Laptop S."},"content":{"rendered":"<p>[et_pb_section fb_built=&#8221;1&#8243; _builder_version=&#8221;4.6.1&#8243; _module_preset=&#8221;default&#8221; background_color=&#8221;rgba(0,52,102,0.8)&#8221; custom_padding=&#8221;50px||50px|||&#8221;][et_pb_row _builder_version=&#8221;4.6.1&#8243; _module_preset=&#8221;default&#8221;][et_pb_column type=&#8221;4_4&#8243; _builder_version=&#8221;4.6.1&#8243; _module_preset=&#8221;default&#8221;][et_pb_text _builder_version=&#8221;4.6.1&#8243; _module_preset=&#8221;default&#8221; header_font=&#8221;|700|||||||&#8221; header_text_align=&#8221;center&#8221; header_text_color=&#8221;#ffffff&#8221; header_font_size=&#8221;42px&#8221;]<\/p>\n<h1>SmartBox NG &#8211; Laptop S.<\/h1>\n<p>[\/et_pb_text][\/et_pb_column][\/et_pb_row][\/et_pb_section][et_pb_section fb_built=&#8221;1&#8243; _builder_version=&#8221;4.6.1&#8243; background_color=&#8221;#ffffff&#8221; use_background_color_gradient=&#8221;on&#8221; background_color_gradient_start=&#8221;rgba(255,255,255,0.9)&#8221; background_color_gradient_end=&#8221;rgba(255,255,255,0.9)&#8221; background_color_gradient_overlays_image=&#8221;on&#8221; background_image=&#8221;https:\/\/smartbox.minibarsystems.com\/wp-content\/uploads\/2020\/09\/circuits-bw.jpg&#8221; custom_padding=&#8221;0px||30px||false|false&#8221; custom_css_main_element=&#8221;background-repeat: no-repeat;||background-attachment: fixed;||background-position: center right;||background-size: initial;&#8221;][et_pb_row column_structure=&#8221;1_2,1_2&#8243; make_equal=&#8221;on&#8221; _builder_version=&#8221;4.6.1&#8243; _module_preset=&#8221;default&#8221; custom_padding=&#8221;0px||0px|||&#8221;][et_pb_column type=&#8221;1_2&#8243; _builder_version=&#8221;4.6.1&#8243; _module_preset=&#8221;default&#8221;][et_pb_image src=&#8221;https:\/\/smartbox.minibarsystems.com\/wp-content\/uploads\/2020\/09\/SmartBox_NG_Laptop_S.png&#8221; title_text=&#8221;SmartBox_NG_Laptop_S&#8221; _builder_version=&#8221;4.6.1&#8243; _module_preset=&#8221;default&#8221; custom_padding=&#8221;||0px|||&#8221;][\/et_pb_image][\/et_pb_column][et_pb_column type=&#8221;1_2&#8243; module_class=&#8221;cwd-vert-align&#8221; _builder_version=&#8221;4.6.1&#8243; _module_preset=&#8221;default&#8221;][et_pb_text _builder_version=&#8221;4.6.3&#8243; _module_preset=&#8221;default&#8221; custom_padding=&#8221;30px||||false|false&#8221; locked=&#8221;off&#8221;]<\/p>\n<p>Der SmartBox NG Laptop S ist schlank und kompakt und passt in kleine R\u00e4ume. Es verf\u00fcgt \u00fcber klassisches Styling; fortschrittliche digitale Elektronik; massive Stahlkonstruktion; Manipulationssichere Labyrinthe; und benutzerfreundliche Audit-Software. Durch seine einfache Bedienung ist es der benutzerfreundlichste digitale Code, der auf dem Markt sicher ist.<\/p>\n<p>[\/et_pb_text][et_pb_text _builder_version=&#8221;4.6.3&#8243; _module_preset=&#8221;default&#8221; custom_padding=&#8221;0px||||false|false&#8221; locked=&#8221;off&#8221;]<\/p>\n<ul>\n<li>Zwei Bolzenverriegelungsmechanismen aus massivem Stahl<\/li>\n<li>Gro\u00dfe LED-Anzeige<\/li>\n<li>Beleuchtete Tastatur<\/li>\n<li>Fortschrittliche digitale Elektronik<\/li>\n<li>Massive Stahlkonstruktion<\/li>\n<li>Motorisches Schlie\u00dfsystem<\/li>\n<li>Manipulationssichere Labyrinthe<\/li>\n<li>Einfach zu bedienende Audit-Software<\/li>\n<\/ul>\n<p>[\/et_pb_text][\/et_pb_column][\/et_pb_row][\/et_pb_section][et_pb_section fb_built=&#8221;1&#8243; _builder_version=&#8221;4.6.1&#8243; _module_preset=&#8221;default&#8221; background_color=&#8221;rgba(0,52,102,0.8)&#8221; custom_padding=&#8221;50px||50px|||&#8221;][et_pb_row _builder_version=&#8221;4.6.1&#8243; _module_preset=&#8221;default&#8221;][et_pb_column type=&#8221;4_4&#8243; _builder_version=&#8221;4.6.1&#8243; _module_preset=&#8221;default&#8221;][et_pb_text _builder_version=&#8221;4.6.1&#8243; _module_preset=&#8221;default&#8221; header_font=&#8221;|700|||||||&#8221; header_text_align=&#8221;center&#8221; header_text_color=&#8221;#ffffff&#8221; header_font_size=&#8221;42px&#8221;]<\/p>\n<h1>Laptop S Funktionen und Spezifikationen<\/h1>\n<p>[\/et_pb_text][\/et_pb_column][\/et_pb_row][\/et_pb_section][et_pb_section fb_built=&#8221;1&#8243; _builder_version=&#8221;4.6.1&#8243; _module_preset=&#8221;default&#8221;][et_pb_row column_structure=&#8221;1_2,1_2&#8243; _builder_version=&#8221;4.6.1&#8243; _module_preset=&#8221;default&#8221;][et_pb_column type=&#8221;1_2&#8243; _builder_version=&#8221;4.6.1&#8243; _module_preset=&#8221;default&#8221;][et_pb_text _builder_version=&#8221;4.6.3&#8243; _module_preset=&#8221;default&#8221; hover_enabled=&#8221;0&#8243; sticky_enabled=&#8221;0&#8243;]<\/p>\n<h3>Standartfunktionen<\/h3>\n<ul>\n<li>Zwei Verriegelungsmechanismen aus massivem Stahl<\/li>\n<li>Gro\u00dfes LED-Display und Tastatur<\/li>\n<li>Internes LED-Licht<\/li>\n<li>ADA-konforme akustische Tastatur<\/li>\n<li>4-stelliger Gastcode<\/li>\n<li>Batterie-Backup<\/li>\n<li>Automatische \u00dcberpr\u00fcfung der Batterie und Warnung vor schwacher Batterie<\/li>\n<\/ul>\n<h3>Sicherheitsfunktionen<\/h3>\n<ul>\n<li>Not\u00f6ffnung mit Override Unit<\/li>\n<li>Override Unit l\u00e4dt die letzten 400 Vorg\u00e4nge herunter<\/li>\n<li>Die manipulationssichere Konstruktion erh\u00f6ht die Sicherheit und bietet Schutz vor Manipulationen<\/li>\n<\/ul>\n<h3>Optionales Zubeh\u00f6r \/ Funktionen<\/h3>\n<ul>\n<li>Benutzerdefinierte T\u00fcrfarbe **<\/li>\n<li>Benutzerdefinierter Logo-Innenteppich **<\/li>\n<li>Sockel<\/li>\n<li>Sicherheitskabel<\/li>\n<\/ul>\n<p>[\/et_pb_text][\/et_pb_column][et_pb_column type=&#8221;1_2&#8243; _builder_version=&#8221;4.6.1&#8243; _module_preset=&#8221;default&#8221;][et_pb_text _builder_version=&#8221;4.6.3&#8243; _module_preset=&#8221;default&#8221; hover_enabled=&#8221;0&#8243; sticky_enabled=&#8221;0&#8243;]<\/p>\n<h3>Spezifikationen<\/h3>\n<p>Farbe schwarz<br \/>Material: Stahl<br \/>Fassungsverm\u00f6gen: 9,32 Liter<br \/>T\u00fcrscharnier: Links oder rechts<br \/>Leistung: 4 x AA-Batterien<br \/>Gewicht: 8,21 kg<br \/>Stahlst\u00e4rke: 14-Gauge-T\u00fcr \/ 6-Gauge-Karosserie<br \/>Teppichbodenauskleidung: Ja<\/p>\n<h3>Ma\u00dfe<\/h3>\n<p>(H\u00f6he x Breite x Tiefe)<br \/>7,87 x 13,75 x 8,25 (Zoll)<br \/>200 x 350 x 206 (mm)<\/p>\n<p><span style=\"font-size: .8em;\">* Erh\u00e4ltlich im linken oder rechten Scharnier<br \/>** Nur bei Bestellungen ab 100 St\u00fcck erh\u00e4ltlich<\/span><\/p>\n<p>[\/et_pb_text][\/et_pb_column][\/et_pb_row][\/et_pb_section][et_pb_section fb_built=&#8221;1&#8243; _builder_version=&#8221;4.6.1&#8243; _module_preset=&#8221;default&#8221; background_color=&#8221;#003f64&#8243;][et_pb_row _builder_version=&#8221;4.6.1&#8243; _module_preset=&#8221;default&#8221; custom_padding=&#8221;||0px|||&#8221;][et_pb_column type=&#8221;4_4&#8243; _builder_version=&#8221;4.6.1&#8243; _module_preset=&#8221;default&#8221;][et_pb_text _builder_version=&#8221;4.6.1&#8243; _module_preset=&#8221;default&#8221; text_text_color=&#8221;#ffffff&#8221; header_2_text_align=&#8221;center&#8221; header_2_text_color=&#8221;#ffffff&#8221; text_orientation=&#8221;center&#8221;]<\/p>\n<h2>Downloads<\/h2>\n<p>[\/et_pb_text][\/et_pb_column][\/et_pb_row][et_pb_row column_structure=&#8221;1_2,1_2&#8243; _builder_version=&#8221;4.6.1&#8243; _module_preset=&#8221;default&#8221; custom_padding=&#8221;|||0px||&#8221;][et_pb_column type=&#8221;1_2&#8243; _builder_version=&#8221;4.6.1&#8243; _module_preset=&#8221;default&#8221;][et_pb_button button_url=&#8221;https:\/\/smartbox.minibarsystems.com\/wp-content\/uploads\/2020\/09\/DOC0178_SmartBox_NG_Collection_US_Rev-7_S.pdf&#8221; url_new_window=&#8221;on&#8221; button_text=&#8221;SmartBox NG Brosch\u00fcre&#8221; _builder_version=&#8221;4.6.3&#8243; _module_preset=&#8221;46a6b78f-8f8a-493f-bdc3-1c2d0337d644&#8243;][\/et_pb_button][\/et_pb_column][et_pb_column type=&#8221;1_2&#8243; _builder_version=&#8221;4.6.1&#8243; _module_preset=&#8221;default&#8221;][et_pb_button button_url=&#8221;https:\/\/smartbox.minibarsystems.com\/wp-content\/uploads\/2020\/09\/DOC0270_SmartBox_NG_Laptop_S.pdf&#8221; url_new_window=&#8221;on&#8221; button_text=&#8221;SmartBox NG Laptop S Einzelblatt&#8221; _builder_version=&#8221;4.6.3&#8243; _module_preset=&#8221;46a6b78f-8f8a-493f-bdc3-1c2d0337d644&#8243;][\/et_pb_button][\/et_pb_column][\/et_pb_row][\/et_pb_section]<\/p>\n","protected":false},"excerpt":{"rendered":"<p>SmartBox NG &#8211; Laptop S.Der SmartBox NG Laptop S ist schlank und kompakt und passt in kleine R\u00e4ume. Es verf\u00fcgt \u00fcber klassisches Styling; fortschrittliche digitale Elektronik; massive Stahlkonstruktion; Manipulationssichere Labyrinthe; und benutzerfreundliche Audit-Software. Durch seine einfache Bedienung ist es der benutzerfreundlichste digitale Code, der auf dem Markt sicher ist. Zwei Bolzenverriegelungsmechanismen aus massivem Stahl Gro\u00dfe [&hellip;]<\/p>\n","protected":false},"author":1,"featured_media":0,"parent":0,"menu_order":0,"comment_status":"closed","ping_status":"closed","template":"","meta":{"_et_pb_use_builder":"on","_et_pb_old_content":"","_et_gb_content_width":"","footnotes":""},"class_list":["post-1582","page","type-page","status-publish","hentry"],"_links":{"self":[{"href":"https:\/\/smartbox.minibarsystems.com\/de\/wp-json\/wp\/v2\/pages\/1582","targetHints":{"allow":["GET"]}}],"collection":[{"href":"https:\/\/smartbox.minibarsystems.com\/de\/wp-json\/wp\/v2\/pages"}],"about":[{"href":"https:\/\/smartbox.minibarsystems.com\/de\/wp-json\/wp\/v2\/types\/page"}],"author":[{"embeddable":true,"href":"https:\/\/smartbox.minibarsystems.com\/de\/wp-json\/wp\/v2\/users\/1"}],"replies":[{"embeddable":true,"href":"https:\/\/smartbox.minibarsystems.com\/de\/wp-json\/wp\/v2\/comments?post=1582"}],"version-history":[{"count":1,"href":"https:\/\/smartbox.minibarsystems.com\/de\/wp-json\/wp\/v2\/pages\/1582\/revisions"}],"predecessor-version":[{"id":1593,"href":"https:\/\/smartbox.minibarsystems.com\/de\/wp-json\/wp\/v2\/pages\/1582\/revisions\/1593"}],"wp:attachment":[{"href":"https:\/\/smartbox.minibarsystems.com\/de\/wp-json\/wp\/v2\/media?parent=1582"}],"curies":[{"name":"wp","href":"https:\/\/api.w.org\/{rel}","templated":true}]}}